{"id":103,"date":"2025-04-29T18:57:05","date_gmt":"2025-04-29T18:57:05","guid":{"rendered":"https:\/\/jordtondesign.se\/?page_id=103"},"modified":"2025-05-06T19:35:01","modified_gmt":"2025-05-06T19:35:01","slug":"aktuellt","status":"publish","type":"page","link":"https:\/\/jordtondesign.se\/index.php\/aktuellt\/","title":{"rendered":"Aktuellt"},"content":{"rendered":"\n<div class=\"wp-block-group has-global-padding is-layout-constrained wp-container-core-group-is-layout-12243e0f wp-block-group-is-layout-constrained\">\n<div class=\"wp-block-group alignwide is-nowrap is-layout-flex wp-container-core-group-is-layout-e4eb6d26 wp-block-group-is-layout-flex\" style=\"margin-top:0;margin-bottom:0\">\n<div class=\"wp-block-columns alignfull has-contrast-color has-base-background-color has-text-color has-background has-link-color wp-elements-cc99a5ac2eb63f11aad574f53e67d74d is-layout-flex wp-container-core-columns-is-layout-94060297 wp-block-columns-is-layout-flex\" style=\"margin-top:0;margin-bottom:0;padding-top:var(--wp--preset--spacing--30);padding-right:var(--wp--preset--spacing--20);padding-bottom:var(--wp--preset--spacing--40);padding-left:var(--wp--preset--spacing--40)\">\n<div class=\"wp-block-column is-layout-flow wp-block-column-is-layout-flow\" style=\"flex-basis:66.66%\">\n<div class=\"wp-block-group is-vertical is-content-justification-center is-layout-flex wp-container-core-group-is-layout-ce155fab wp-block-group-is-layout-flex\">\n<div class=\"wp-block-group is-vertical is-content-justification-stretch is-layout-flex wp-container-core-group-is-layout-8a271052 wp-block-group-is-layout-flex\" style=\"padding-right:0;padding-left:0\">\n<h2 class=\"wp-block-heading has-x-large-font-size\">V\u00e4lkommen till v\u00e5r sida f\u00f6r uppdateringar!<\/h2>\n\n\n\n<p class=\"is-style-default has-large-font-size\">H\u00e4r delar vi med oss av vad som h\u00e4nder hos Jordton &#8211; v\u00e5r keramikverkstad vid \u00c5sunden. Du hittar nyheter, kurser, evenemang och glimtar fr\u00e5n v\u00e5r altelj\u00e9. F\u00f6lj med i v\u00e5rt skapande, uppt\u00e4ck v\u00e5ra samarbeten och h\u00e5ll dig uppdaterad om allt som r\u00f6r leran, handen och hj\u00e4rtat.<br><br><\/p>\n<\/div>\n\n\n<ul class=\"wp-block-latest-posts__list has-dates wp-block-latest-posts\"><li><a class=\"wp-block-latest-posts__post-title\" href=\"https:\/\/jordtondesign.se\/index.php\/2025\/09\/02\/en-bank-som-tror-pa-oss\/\">En bank som tror p\u00e5 oss<\/a><time datetime=\"2025-09-02T06:24:39+00:00\" class=\"wp-block-latest-posts__post-date\">september 2, 2025<\/time><div class=\"wp-block-latest-posts__post-full-content\"><!-- wp:paragraph -->\n<p>Ulricehamns sparbank ringde och undrade om vi inte ville st\u00e4lla ut v\u00e5r keramik i deras nya lokaler. Vi blev j\u00e4tteglada och tackade s\u00e5klart ja! Vi har dessutom best\u00e4llt lite nya f\u00e4rger som vi f\u00f6r\u00e4lskat oss i. Det k\u00e4nns s\u00e5 fint att v\u00e5r bank vill st\u00f6tta oss p\u00e5 de s\u00e4tt som de kan. Det g\u00f6r att vi ocks\u00e5 \u00e4r stolta \u00f6ver oss sj\u00e4lva f\u00f6r att vi v\u00e5gat ta steget in i ett eget f\u00f6retag.<\/p>\n<!-- \/wp:paragraph -->\n\n<!-- wp:gallery {\"linkTo\":\"none\"} -->\n<figure class=\"wp-block-gallery has-nested-images columns-default is-cropped\"><!-- wp:image {\"id\":377,\"sizeSlug\":\"large\",\"linkDestination\":\"none\",\"align\":\"center\"} -->\n<figure class=\"wp-block-image aligncenter size-large\"><img loading=\"lazy\" decoding=\"async\" width=\"768\" height=\"1024\" src=\"https:\/\/jordtondesign.se\/wp-content\/uploads\/2025\/09\/bc7348b0-eb8a-4d84-bb53-426a520b10da-1-768x1024.jpg\" alt=\"\" class=\"wp-image-377\" srcset=\"https:\/\/jordtondesign.se\/wp-content\/uploads\/2025\/09\/bc7348b0-eb8a-4d84-bb53-426a520b10da-1-768x1024.jpg 768w, https:\/\/jordtondesign.se\/wp-content\/uploads\/2025\/09\/bc7348b0-eb8a-4d84-bb53-426a520b10da-1-225x300.jpg 225w, https:\/\/jordtondesign.se\/wp-content\/uploads\/2025\/09\/bc7348b0-eb8a-4d84-bb53-426a520b10da-1-1152x1536.jpg 1152w, https:\/\/jordtondesign.se\/wp-content\/uploads\/2025\/09\/bc7348b0-eb8a-4d84-bb53-426a520b10da-1.jpg 1536w\" sizes=\"auto, (max-width: 768px) 100vw, 768px\" \/><\/figure>\n<!-- \/wp:image -->\n\n<!-- wp:image {\"id\":378,\"sizeSlug\":\"large\",\"linkDestination\":\"none\"} -->\n<figure class=\"wp-block-image size-large\"><img loading=\"lazy\" decoding=\"async\" width=\"768\" height=\"1024\" src=\"https:\/\/jordtondesign.se\/wp-content\/uploads\/2025\/09\/d28d24a2-209f-4d69-8276-cf686ba69578-1-768x1024.jpg\" alt=\"\" class=\"wp-image-378\" srcset=\"https:\/\/jordtondesign.se\/wp-content\/uploads\/2025\/09\/d28d24a2-209f-4d69-8276-cf686ba69578-1-768x1024.jpg 768w, https:\/\/jordtondesign.se\/wp-content\/uploads\/2025\/09\/d28d24a2-209f-4d69-8276-cf686ba69578-1-225x300.jpg 225w, https:\/\/jordtondesign.se\/wp-content\/uploads\/2025\/09\/d28d24a2-209f-4d69-8276-cf686ba69578-1-1152x1536.jpg 1152w, https:\/\/jordtondesign.se\/wp-content\/uploads\/2025\/09\/d28d24a2-209f-4d69-8276-cf686ba69578-1.jpg 1536w\" sizes=\"auto, (max-width: 768px) 100vw, 768px\" \/><\/figure>\n<!-- \/wp:image --><\/figure>\n<!-- \/wp:gallery --><\/div><\/li>\n<li><a class=\"wp-block-latest-posts__post-title\" href=\"https:\/\/jordtondesign.se\/index.php\/2025\/09\/02\/nu-ar-hosten-har\/\">Nu \u00e4r h\u00f6sten h\u00e4r<\/a><time datetime=\"2025-09-02T06:19:31+00:00\" class=\"wp-block-latest-posts__post-date\">september 2, 2025<\/time><div class=\"wp-block-latest-posts__post-full-content\"><!-- wp:paragraph -->\n<p>Idag regnar det utanf\u00f6r mitt f\u00f6nster och Ulricehamn har en dimma \u00f6ver sig. Den h\u00e4r \u00e5rstiden \u00e4r perfekt f\u00f6r s\u00e5 m\u00e5nga mysiga aktiviteter. I helgen som kommer ska vi ha v\u00e5r f\u00f6rsta riktiga kurs i att &#8221;Prova p\u00e5 lera&#8221;. Vi har n\u00e4stan en fullbokad kurs och ser fram emot att tr\u00e4ffa de som bokat in sig. Tiden f\u00f6r att mysa med varmt t\u00e9 och en kreativ stund i lerans anda \u00e4r verkligen h\u00e4r! <\/p>\n<!-- \/wp:paragraph -->\n\n<!-- wp:paragraph -->\n<p>Vi hoppas p\u00e5 m\u00e5nga nya m\u00f6ten med m\u00e4nniskor som delar samma passion som oss f\u00f6r kreativitet och formgivning. Med lera k\u00e4nns m\u00f6jligheterna o\u00e4ndliga. <\/p>\n<!-- \/wp:paragraph -->\n\n<!-- wp:paragraph -->\n<p><\/p>\n<!-- \/wp:paragraph -->\n\n<!-- wp:image {\"id\":372,\"sizeSlug\":\"full\",\"linkDestination\":\"none\",\"align\":\"center\",\"style\":{\"spacing\":{\"margin\":{\"right\":\"0\",\"left\":\"0\",\"top\":\"0\",\"bottom\":\"0\"}}}} -->\n<figure class=\"wp-block-image aligncenter size-full\" style=\"margin-top:0;margin-right:0;margin-bottom:0;margin-left:0\"><img loading=\"lazy\" decoding=\"async\" width=\"768\" height=\"1024\" src=\"https:\/\/jordtondesign.se\/wp-content\/uploads\/2025\/09\/43e9ea68-ecea-448b-97d6-566fa170a8c1.jpg\" alt=\"\" class=\"wp-image-372\" srcset=\"https:\/\/jordtondesign.se\/wp-content\/uploads\/2025\/09\/43e9ea68-ecea-448b-97d6-566fa170a8c1.jpg 768w, https:\/\/jordtondesign.se\/wp-content\/uploads\/2025\/09\/43e9ea68-ecea-448b-97d6-566fa170a8c1-225x300.jpg 225w\" sizes=\"auto, (max-width: 768px) 100vw, 768px\" \/><\/figure>\n<!-- \/wp:image --><\/div><\/li>\n<li><a class=\"wp-block-latest-posts__post-title\" href=\"https:\/\/jordtondesign.se\/index.php\/2025\/07\/01\/oppet-hus\/\">\u00d6ppet hus<\/a><time datetime=\"2025-07-01T20:32:05+00:00\" class=\"wp-block-latest-posts__post-date\">juli 1, 2025<\/time><div class=\"wp-block-latest-posts__post-full-content\"><!-- wp:paragraph -->\n<p>Den 26 Augusti ska vi ha \u00f6ppet hus!<br><br>Vi kommer \u00f6ppna lokalen f\u00f6r alla som \u00e4r intresserade av keramik, lera och kreativitet. Det kommer finnas lite av det vi skapat till f\u00f6rs\u00e4ljning. Vill du testa att k\u00e4nna p\u00e5 hur det k\u00e4nns att dreja? Vi fixar i ordning allt s\u00e5 att du kan s\u00e4tta dig och k\u00e4nna hur leran k\u00e4nns med dina h\u00e4nder. Snacka med oss om kurser, lera, glasyr, ugnen eller bara l\u00e4r k\u00e4nna oss. Vi finns i Ulricehamn med n\u00e4rhet till vattnet och vill bidra med kultur, form och liv. Det finns n\u00e5got f\u00f6r alla och vi ser S\u00c5 mycket fram emot detta!<\/p>\n<!-- \/wp:paragraph -->\n\n<!-- wp:paragraph -->\n<p>Vi ses!<\/p>\n<!-- \/wp:paragraph -->\n\n<!-- wp:paragraph -->\n<p>V\u00e4lkomna!<\/p>\n<!-- \/wp:paragraph --><\/div><\/li>\n<li><a class=\"wp-block-latest-posts__post-title\" href=\"https:\/\/jordtondesign.se\/index.php\/2025\/06\/29\/sommaren-ar-har\/\">Sommaren \u00e4r h\u00e4r<\/a><time datetime=\"2025-06-29T13:03:44+00:00\" class=\"wp-block-latest-posts__post-date\">juni 29, 2025<\/time><div class=\"wp-block-latest-posts__post-full-content\"><!-- wp:paragraph -->\n<p>Vi startade upp v\u00e5r verksamhet i Februari. Vi har fixat med lokal, verktyg, f\u00e4rger, lera och mycket mer. Fram tills nu har vi testat att ha lite bes\u00f6k av personer som vi k\u00e4nner f\u00f6r att \u00f6va oss p\u00e5 att ha kurser och evenemang. <br>Vi har haft bes\u00f6k av v\u00e4nner, kollegor, barn och ett evenemang i form av f\u00f6delsedagskalas. Vi har kavlat, drejat, m\u00e5lat och br\u00e4nt i v\u00e5r ugn, bara vi och tillsammans med andra. Det har varit m\u00e5nga roliga timmar! Vi har l\u00e4rt oss massor och nu k\u00e4nner vi att efter sommaren ska vi \u00f6ppna upp och marknadsf\u00f6ra oss mer. Vi hoppas att just DU ska vilja boka in ett bes\u00f6k eller en kurs hos oss. D\u00e5 vi fortfarande \u00e4r nya inom lerans v\u00e4rld ser vi fram emot att hitta p\u00e5 massa kreativa id\u00e9er som ger oss mer kunskap och erfarenhet. Vi k\u00e4nner att vi verkligen passar in p\u00e5 v\u00e4veriet &#8221;d\u00e4r m\u00e4nniskor v\u00e4vs samman&#8221;. Detta \u00e4r en del av v\u00e5r vision, att m\u00f6tas i ett kreativt och roligt forum d\u00e4r tid och rum f\u00f6rsvinner f\u00f6r en stund och vi v\u00e4xer tillsammans. <\/p>\n<!-- \/wp:paragraph -->\n\n<!-- wp:paragraph -->\n<p>Vi kommer starta h\u00f6sten med ett \u00f6ppet hus, datum kommer s\u00e5 fort det \u00e4r satt! D\u00e5 \u00f6nskar vi alla v\u00e4lkomna f\u00f6r att bes\u00f6ka oss, ni kommer att f\u00e5 titta och k\u00e4nna p\u00e5 det vi har att erbjuda hos Jordton.<\/p>\n<!-- \/wp:paragraph -->\n\n<!-- wp:paragraph -->\n<p><\/p>\n<!-- \/wp:paragraph --><\/div><\/li>\n<li><a class=\"wp-block-latest-posts__post-title\" href=\"https:\/\/jordtondesign.se\/index.php\/2025\/04\/30\/nu-ar-vi-snart-redo\/\">Nu \u00e4r vi snart redo!<\/a><time datetime=\"2025-04-30T10:50:34+00:00\" class=\"wp-block-latest-posts__post-date\">april 30, 2025<\/time><div class=\"wp-block-latest-posts__post-full-content\"><!-- wp:paragraph -->\n<p>Snart \u00e4r det dags f\u00f6r oss att \u00f6ppna upp f\u00f6r er! V\u00e4lkommna!<\/p>\n<!-- \/wp:paragraph --><\/div><\/li>\n<\/ul><\/div>\n<\/div>\n<\/div>\n<\/div>\n<\/div>\n","protected":false},"excerpt":{"rendered":"<p>V\u00e4lkommen till v\u00e5r sida f\u00f6r uppdateringar! H\u00e4r delar vi med oss av vad som h\u00e4nder hos Jordton &#8211; v\u00e5r keramikverkstad vid \u00c5sunden. Du hittar nyheter, kurser, evenemang och glimtar fr\u00e5n v\u00e5r altelj\u00e9. F\u00f6lj med i v\u00e5rt skapande, uppt\u00e4ck v\u00e5ra samarbeten och h\u00e5ll dig uppdaterad om allt som r\u00f6r leran, handen och hj\u00e4rtat.<\/p>\n","protected":false},"author":3,"featured_media":0,"parent":0,"menu_order":0,"comment_status":"closed","ping_status":"closed","template":"","meta":{"footnotes":""},"class_list":["post-103","page","type-page","status-publish","hentry"],"_links":{"self":[{"href":"https:\/\/jordtondesign.se\/index.php\/wp-json\/wp\/v2\/pages\/103","targetHints":{"allow":["GET"]}}],"collection":[{"href":"https:\/\/jordtondesign.se\/index.php\/wp-json\/wp\/v2\/pages"}],"about":[{"href":"https:\/\/jordtondesign.se\/index.php\/wp-json\/wp\/v2\/types\/page"}],"author":[{"embeddable":true,"href":"https:\/\/jordtondesign.se\/index.php\/wp-json\/wp\/v2\/users\/3"}],"replies":[{"embeddable":true,"href":"https:\/\/jordtondesign.se\/index.php\/wp-json\/wp\/v2\/comments?post=103"}],"version-history":[{"count":10,"href":"https:\/\/jordtondesign.se\/index.php\/wp-json\/wp\/v2\/pages\/103\/revisions"}],"predecessor-version":[{"id":290,"href":"https:\/\/jordtondesign.se\/index.php\/wp-json\/wp\/v2\/pages\/103\/revisions\/290"}],"wp:attachment":[{"href":"https:\/\/jordtondesign.se\/index.php\/wp-json\/wp\/v2\/media?parent=103"}],"curies":[{"name":"wp","href":"https:\/\/api.w.org\/{rel}","templated":true}]}}