{"id":226,"date":"2025-05-05T19:37:32","date_gmt":"2025-05-05T19:37:32","guid":{"rendered":"https:\/\/jordtondesign.se\/?page_id=226"},"modified":"2026-02-02T07:38:19","modified_gmt":"2026-02-02T07:38:19","slug":"226-2","status":"publish","type":"page","link":"https:\/\/jordtondesign.se\/index.php\/226-2\/","title":{"rendered":"Priser"},"content":{"rendered":"\n<div class=\"wp-block-group has-global-padding is-layout-constrained wp-container-core-group-is-layout-12243e0f wp-block-group-is-layout-constrained\">\n<h2 class=\"wp-block-heading\">Priser<\/h2>\n\n\n\n<h3 class=\"wp-block-heading\">Keramikm\u00e5lning<\/h3>\n\n\n\n<p><em>Alla priser \u00e4r inklusive moms.<\/em> <br>Vid ditt bes\u00f6k ser vi till att ha en fin stund med dig och din kreativitet i fokus. <\/p>\n\n\n\n<p><strong>600 kr \/ person<\/strong><br>2 timmar \u2013 du m\u00e5lar p\u00e5 f\u00e4rdig keramik med penselglasyr. I priset ing\u00e5r ett alster. Det g\u00e5r sj\u00e4lvklart bra att m\u00e5la fler, d\u00e5 tillkommer ett till\u00e4gg per f\u00f6rem\u00e5l. Vi br\u00e4nner ditt alster efter\u00e5t och det \u00e4r klart att h\u00e4mtas inom ca 2 veckor.<\/p>\n\n\n\n<p>Fika ing\u00e5r<\/p>\n\n\n\n<h3 class=\"wp-block-heading\">Prova-p\u00e5 lera<\/h3>\n\n\n\n<p><strong>800 kr \/ person<\/strong><br>2,5 timmar \u2013 en introduktion till drejning och lera i grupp. Passar s\u00e4rskilt bra f\u00f6r 6 deltagare.<br>Bokning sker f\u00f6r minst 4 personer. Vill ni boka f\u00f6r 2\u20133 personer \u00e4r ni varmt v\u00e4lkomna, d\u00e5 g\u00e4ller ett fast pris p\u00e5 2 400 kr f\u00f6r 2,5 timmar.<\/p>\n\n\n\n<ul class=\"wp-block-list\">\n<li>Alla f\u00e5r ca 45-60 minuter vid drejskivan (vid 6 personer, mindre tid vid flera bokade, mer tid vid f\u00e4rre bokade)<\/li>\n\n\n\n<li>\u00d6vrig tid anv\u00e4nds till att kavla, ringla och tumma med lera.<\/li>\n<\/ul>\n\n\n\n<p>Beskickning ing\u00e5r och g\u00f6rs av oss. <\/p>\n\n\n\n<p><strong>Vi bjuder p\u00e5 kaffe\/te och fika.<\/strong><\/p>\n\n\n\n<p>Efter att vi beskickat och skr\u00f6jbr\u00e4nt ditt alster \u00e4r det redo f\u00f6r att glasera. Du kan antingen v\u00e4lja att komma och m\u00e5la\/glasera sj\u00e4lv, d\u00e5 beh\u00f6ver du boka en tid, eller s\u00e5 hj\u00e4lper vi dig att glasera i en vit blank f\u00e4rg. Detta ing\u00e5r i kostnaden.<\/p>\n\n\n\n<h3 class=\"wp-block-heading\">Kurser<\/h3>\n\n\n\n<p><strong>1700 kr \/ person<\/strong><br>4 tillf\u00e4llen \u00e0 3 timmar \u2013 f\u00f6r dig som vill l\u00e4ra dig grunderna och skapa mer fritt.<\/p>\n\n\n\n<ul class=\"wp-block-list\">\n<li>I varje pass ing\u00e5r tid f\u00f6r att f\u00f6rbereda lera och st\u00e4da efter\u00e5t (ca 20 min)<\/li>\n\n\n\n<li>Du skapar i egen takt med handledning och st\u00f6d<\/li>\n<\/ul>\n\n\n\n<p>En fikapaus ing\u00e5r vid varje tillf\u00e4lle, det finns th\u00e9, kaffe och n\u00e5got gott att tugga p\u00e5.<\/p>\n\n\n\n<p><strong>Materialkostnad<\/strong><\/p>\n\n\n\n<p><strong>80 kr \/ kg lera<\/strong><br>Materialkostnad tillkommer vid alla aktiviteter och inkluderar glasyr och br\u00e4nning.<\/p>\n\n\n\n<h3 class=\"wp-block-heading\">Skr\u00e4ddarsydda tillf\u00e4llen<\/h3>\n\n\n\n<p>Vill du boka ett eget tillf\u00e4lle f\u00f6r en grupp, ett firande eller en kreativ paus i vardagen? Vi skr\u00e4ddarsyr workshops efter era \u00f6nskem\u00e5l \u2013 med fokus p\u00e5 keramikm\u00e5lning, drejning eller annat skapande i lera.<\/p>\n\n\n\n<p><strong>Skicka en <a href=\"https:\/\/jordtondesign.se\/index.php\/workshops\/\" data-type=\"page\" data-id=\"67\">f\u00f6rfr\u00e5gan<\/a> till oss med era id\u00e9er s\u00e5 kommer vi fram till ett gemensamt uppl\u00e4gg.<\/strong><\/p>\n\n\n\n<p>Det kan till exempel vara:<br>\u2013 en m\u00f6hippa med keramikm\u00e5lning och fika<br>\u2013 en familjeaktivitet d\u00e4r alla f\u00e5r prova drejning<br>\u2013 ett barnkalas med kavling och f\u00e4rg<br>\u2013 en f\u00f6retagsaktivitet med kreativt fokus<\/p>\n\n\n\n<hr class=\"wp-block-separator has-alpha-channel-opacity\"\/>\n\n\n\n<p class=\"has-x-large-font-size\"><strong>V\u00e4lkomna!<\/strong><\/p>\n<\/div>\n","protected":false},"excerpt":{"rendered":"<p>Priser Keramikm\u00e5lning Alla priser \u00e4r inklusive moms. Vid ditt bes\u00f6k ser vi till att ha en fin stund med dig och din kreativitet i fokus. 600 kr \/ person2 timmar \u2013 du m\u00e5lar p\u00e5 f\u00e4rdig keramik med penselglasyr. I priset ing\u00e5r ett alster. Det g\u00e5r sj\u00e4lvklart bra att m\u00e5la fler, d\u00e5 tillkommer ett till\u00e4gg per [&hellip;]<\/p>\n","protected":false},"author":3,"featured_media":0,"parent":0,"menu_order":0,"comment_status":"closed","ping_status":"closed","template":"","meta":{"footnotes":""},"class_list":["post-226","page","type-page","status-publish","hentry"],"_links":{"self":[{"href":"https:\/\/jordtondesign.se\/index.php\/wp-json\/wp\/v2\/pages\/226","targetHints":{"allow":["GET"]}}],"collection":[{"href":"https:\/\/jordtondesign.se\/index.php\/wp-json\/wp\/v2\/pages"}],"about":[{"href":"https:\/\/jordtondesign.se\/index.php\/wp-json\/wp\/v2\/types\/page"}],"author":[{"embeddable":true,"href":"https:\/\/jordtondesign.se\/index.php\/wp-json\/wp\/v2\/users\/3"}],"replies":[{"embeddable":true,"href":"https:\/\/jordtondesign.se\/index.php\/wp-json\/wp\/v2\/comments?post=226"}],"version-history":[{"count":23,"href":"https:\/\/jordtondesign.se\/index.php\/wp-json\/wp\/v2\/pages\/226\/revisions"}],"predecessor-version":[{"id":429,"href":"https:\/\/jordtondesign.se\/index.php\/wp-json\/wp\/v2\/pages\/226\/revisions\/429"}],"wp:attachment":[{"href":"https:\/\/jordtondesign.se\/index.php\/wp-json\/wp\/v2\/media?parent=226"}],"curies":[{"name":"wp","href":"https:\/\/api.w.org\/{rel}","templated":true}]}}