{"id":348,"date":"2025-07-08T08:39:16","date_gmt":"2025-07-08T08:39:16","guid":{"rendered":"https:\/\/jordtondesign.se\/?page_id=348"},"modified":"2026-01-16T07:18:07","modified_gmt":"2026-01-16T07:18:07","slug":"boka-workshop","status":"publish","type":"page","link":"https:\/\/jordtondesign.se\/index.php\/boka-workshop\/","title":{"rendered":"Aktuella workshops f\u00f6r bokning"},"content":{"rendered":"\n<h2 class=\"wp-block-heading has-text-align-center has-xx-large-font-size\">Aktuella workshops<\/h2>\n\n\n\n<hr class=\"wp-block-separator has-alpha-channel-opacity\"\/>\n\n\n\n<h2 class=\"wp-block-heading\" style=\"padding-right:var(--wp--preset--spacing--40);padding-left:var(--wp--preset--spacing--40)\">Keramikkurs &#8211; OBS! En plats kvar!<\/h2>\n\n\n\n<p style=\"padding-top:0;padding-right:var(--wp--preset--spacing--40);padding-bottom:0;padding-left:var(--wp--preset--spacing--40)\">Den h\u00e4r kursen \u00e4r f\u00f6r dig som \u00e4r nyfiken p\u00e5 lera och vill f\u00f6lja hela processen &#8211; fr\u00e5n lerklump till f\u00e4rdigglaserat verk. <br>Du kommer f\u00e5 l\u00e4ra dig grunderna i drejning och kavling av lera m.m. <br>Vi m\u00f6ts under fyra mysiga tillf\u00e4llen \u00e1 3 timmar, d\u00e4r du f\u00e5r prova p\u00e5, utforska och skapa i din egen takt. 20 minuter st\u00e4d ing\u00e5r mot slutet av varje tillf\u00e4lle. <br>Vi finns vid din sida hela v\u00e4gen och hj\u00e4lper dig f\u00f6rverkliga dina id\u00e9er. <br>En kv\u00e4llsmacka med te\/kaffe ing\u00e5r.<\/p>\n\n\n\n<p style=\"padding-right:var(--wp--preset--spacing--40);padding-left:var(--wp--preset--spacing--40)\"><strong>Pris: 1700 kr (Betalas vid f\u00f6rsta tillf\u00e4llet)<br>Lerkostnad: 80 kr\/kg, r\u00e4knas efter br\u00e4nning (\u00e4ven alster som tyv\u00e4rr g\u00e5tt s\u00f6nder i br\u00e4nning debiteras)<br>Datum: 3\/3, 10\/3, 17\/3, 24\/3 &#8211; 2026<br>Tid: 17:30-20:30<br>Max 6 deltagare<\/strong><\/p>\n\n\n\n<hr class=\"wp-block-separator has-alpha-channel-opacity\"\/>\n\n\n\n<div class=\"wp-block-group has-global-padding is-layout-constrained wp-block-group-is-layout-constrained\">\n<div class=\"forminator-guttenberg\"><div class=\"forminator-ui forminator-custom-form forminator-custom-form-343 forminator-design--default  forminator_ajax\" data-forminator-render=\"0\" data-form=\"forminator-module-343\" data-uid=\"6a04251c79c2e\"><br\/><\/div><form\n\t\t\t\tid=\"forminator-module-343\"\n\t\t\t\tclass=\"forminator-ui forminator-custom-form forminator-custom-form-343 forminator-design--default  forminator_ajax\"\n\t\t\t\tmethod=\"post\"\n\t\t\t\tdata-forminator-render=\"0\"\n\t\t\t\tdata-form-id=\"343\"\n\t\t\t\t data-color-option=\"theme\" data-design=\"default\" data-grid=\"open\" style=\"display: none;\"\n\t\t\t\tdata-uid=\"6a04251c79c2e\"\n\t\t\t><div role=\"alert\" aria-live=\"polite\" class=\"forminator-response-message forminator-error\" aria-hidden=\"true\"><\/div><div class=\"forminator-row\"><div id=\"select-1\" class=\"forminator-field-select forminator-col forminator-col-12 \"><div class=\"forminator-field\"><label for=\"forminator-form-343__field--select-1_6a04251c79c2e\" id=\"forminator-form-343__field--select-1_6a04251c79c2e-label\" class=\"forminator-label\">Valt bokningsdatum<\/label><select multiple id=\"forminator-form-343__field--select-1_6a04251c79c2e\" class=\"forminator-select--field forminator-select2 forminator-select2-multiple\" data-required=\"\" name=\"select-1[]\" data-default-value=\"\" data-hidden-behavior=\"zero\" data-placeholder=\"V\u00e4lj datum\" data-search=\"false\" data-search-placeholder=\"Search\" data-checkbox=\"false\" data-allow-clear=\"true\" aria-labelledby=\"forminator-form-343__field--select-1_6a04251c79c2e-label\"><option value=\"Keramikkurs-Mars-(en-plats-kvar)\"  data-calculation=\"0\">Keramikkurs-Mars (en plats kvar)<\/option><\/select><\/div><\/div><\/div><div class=\"forminator-row\"><div id=\"name-1\" class=\"forminator-field-name forminator-col forminator-col-12 \"><div class=\"forminator-field\"><label for=\"forminator-field-name-1_6a04251c79c2e\" id=\"forminator-field-name-1_6a04251c79c2e-label\" class=\"forminator-label\">F\u00f6r-och efternamn <span class=\"forminator-required\">*<\/span><\/label><input type=\"text\" name=\"name-1\" value=\"\" placeholder=\"\" id=\"forminator-field-name-1_6a04251c79c2e\" class=\"forminator-input forminator-name--field\" aria-required=\"true\" autocomplete=\"name\" \/><\/div><\/div><\/div><div class=\"forminator-row\"><div id=\"email-1\" class=\"forminator-field-email forminator-col forminator-col-12 \"><div class=\"forminator-field\"><label for=\"forminator-field-email-1_6a04251c79c2e\" id=\"forminator-field-email-1_6a04251c79c2e-label\" class=\"forminator-label\">Mailadress <span class=\"forminator-required\">*<\/span><\/label><input type=\"email\" name=\"email-1\" value=\"\" placeholder=\"\" id=\"forminator-field-email-1_6a04251c79c2e\" class=\"forminator-input forminator-email--field\" data-required=\"true\" aria-required=\"true\" autocomplete=\"email\" \/><\/div><\/div><\/div><div class=\"forminator-row\"><div id=\"phone-1\" class=\"forminator-field-phone forminator-col forminator-col-12 \"><div class=\"forminator-field\"><label for=\"forminator-field-phone-1_6a04251c79c2e\" id=\"forminator-field-phone-1_6a04251c79c2e-label\" class=\"forminator-label\">Telefonnummer<\/label><input type=\"text\" name=\"phone-1\" value=\"\" placeholder=\"\" id=\"forminator-field-phone-1_6a04251c79c2e\" class=\"forminator-input forminator-field--phone\" data-required=\"\" aria-required=\"false\" autocomplete=\"off\" \/><\/div><\/div><\/div><div class=\"forminator-row\"><div id=\"textarea-1\" class=\"forminator-field-textarea forminator-col forminator-col-12 \"><div class=\"forminator-field\"><label for=\"forminator-field-textarea-1_6a04251c79c2e\" id=\"forminator-field-textarea-1_6a04251c79c2e-label\" class=\"forminator-label\">N\u00e5got att till\u00e4gga?<\/label><span id=\"forminator-field-textarea-1_6a04251c79c2e-description\" class=\"forminator-description\">Om ni \u00e4r fler som vill boka plats, om ni har n\u00e5gra allergier eller annat ni vill informera oss om kan ni skriva det h\u00e4r.<\/span><textarea name=\"textarea-1\" placeholder=\"\" id=\"forminator-field-textarea-1_6a04251c79c2e\" class=\"forminator-textarea\" rows=\"6\" style=\"min-height:140px;\" aria-describedby=\"forminator-field-textarea-1_6a04251c79c2e-description\" ><\/textarea><\/div><\/div><\/div><input type=\"hidden\" name=\"referer_url\" value=\"\" \/><div class=\"forminator-row forminator-row-last\"><div class=\"forminator-col\"><div class=\"forminator-field\"><button class=\"forminator-button forminator-button-submit\">Skicka<\/button><\/div><\/div><\/div><input type=\"hidden\" id=\"forminator_nonce\" name=\"forminator_nonce\" value=\"1dd16af7cd\" \/><input type=\"hidden\" name=\"_wp_http_referer\" value=\"\/index.php\/wp-json\/wp\/v2\/pages\/348\" \/><input type=\"hidden\" name=\"form_id\" value=\"343\"><input type=\"hidden\" name=\"page_id\" value=\"348\"><input type=\"hidden\" name=\"form_type\" value=\"default\"><input type=\"hidden\" name=\"current_url\" value=\"https:\/\/jordtondesign.se\/index.php\/boka-workshop\/\"><input type=\"hidden\" name=\"render_id\" value=\"0\"><input type=\"hidden\" name=\"action\" value=\"forminator_submit_form_custom-forms\"><\/form><\/div>\n<\/div>\n","protected":false},"excerpt":{"rendered":"<p>Aktuella workshops Keramikkurs &#8211; OBS! En plats kvar! Den h\u00e4r kursen \u00e4r f\u00f6r dig som \u00e4r nyfiken p\u00e5 lera och vill f\u00f6lja hela processen &#8211; fr\u00e5n lerklump till f\u00e4rdigglaserat verk. Du kommer f\u00e5 l\u00e4ra dig grunderna i drejning och kavling av lera m.m. Vi m\u00f6ts under fyra mysiga tillf\u00e4llen \u00e1 3 timmar, d\u00e4r du f\u00e5r [&hellip;]<\/p>\n","protected":false},"author":3,"featured_media":0,"parent":0,"menu_order":0,"comment_status":"closed","ping_status":"closed","template":"","meta":{"footnotes":""},"class_list":["post-348","page","type-page","status-publish","hentry"],"_links":{"self":[{"href":"https:\/\/jordtondesign.se\/index.php\/wp-json\/wp\/v2\/pages\/348","targetHints":{"allow":["GET"]}}],"collection":[{"href":"https:\/\/jordtondesign.se\/index.php\/wp-json\/wp\/v2\/pages"}],"about":[{"href":"https:\/\/jordtondesign.se\/index.php\/wp-json\/wp\/v2\/types\/page"}],"author":[{"embeddable":true,"href":"https:\/\/jordtondesign.se\/index.php\/wp-json\/wp\/v2\/users\/3"}],"replies":[{"embeddable":true,"href":"https:\/\/jordtondesign.se\/index.php\/wp-json\/wp\/v2\/comments?post=348"}],"version-history":[{"count":28,"href":"https:\/\/jordtondesign.se\/index.php\/wp-json\/wp\/v2\/pages\/348\/revisions"}],"predecessor-version":[{"id":413,"href":"https:\/\/jordtondesign.se\/index.php\/wp-json\/wp\/v2\/pages\/348\/revisions\/413"}],"wp:attachment":[{"href":"https:\/\/jordtondesign.se\/index.php\/wp-json\/wp\/v2\/media?parent=348"}],"curies":[{"name":"wp","href":"https:\/\/api.w.org\/{rel}","templated":true}]}}