{"id":62,"date":"2025-04-14T20:27:56","date_gmt":"2025-04-14T20:27:56","guid":{"rendered":"https:\/\/jordtondesign.se\/?page_id=62"},"modified":"2025-07-02T08:26:14","modified_gmt":"2025-07-02T08:26:14","slug":"om-oss","status":"publish","type":"page","link":"https:\/\/jordtondesign.se\/index.php\/om-oss\/","title":{"rendered":"Om oss"},"content":{"rendered":"\n<div class=\"wp-block-columns alignwide is-layout-flex wp-container-core-columns-is-layout-28f84493 wp-block-columns-is-layout-flex\">\n<div class=\"wp-block-column is-vertically-aligned-center is-layout-flow wp-block-column-is-layout-flow\" style=\"padding-top:1em;padding-right:1em;padding-bottom:1em;padding-left:1em\">\n<div class=\"wp-block-columns is-layout-flex wp-container-core-columns-is-layout-ec2e7a44 wp-block-columns-is-layout-flex\" style=\"padding-top:0;padding-bottom:0\">\n<div class=\"wp-block-column is-layout-flow wp-block-column-is-layout-flow\" style=\"flex-basis:320px\">\n<h2 class=\"wp-block-heading\">Vilka \u00e4r vi?<\/h2>\n\n\n\n<p class=\"has-medium-font-size\" style=\"line-height:1.6\">Vi som st\u00e5r bakom verkstaden heter Sarah Kronlund och Clara Stendahl \u2013 tv\u00e5 kreativa sj\u00e4lar med stor k\u00e4rlek till det personliga, det handgjorda och det m\u00e4nskliga. Vi b\u00e5da bor i Ulricehamn och har n\u00e4ra till v\u00e5r keramikverkstad. <br>V\u00e5r resa b\u00f6rjade med en kv\u00e4llskurs i keramik h\u00f6sten 2024, d\u00e4r vi f\u00f6ll pladask f\u00f6r leran, hantverket och stunderna runt drejskivan d\u00e4r tiden f\u00f6rsvann.<\/p>\n\n\n\n<blockquote class=\"wp-block-quote is-layout-flow wp-block-quote-is-layout-flow\">\n<p class=\"has-medium-font-size\" style=\"line-height:1.6\"><strong>Vi tror p\u00e5 att v\u00e5ga b\u00f6rja, v\u00e5ga prova och v\u00e5ga misslyckas.<\/strong><\/p>\n<\/blockquote>\n\n\n\n<p class=\"has-medium-font-size\" style=\"line-height:1.6\"><strong>Clara<\/strong> \u00e4r v\u00e5r f\u00e4rgstarka kreat\u00f6r \u2013 med sinne f\u00f6r form, f\u00e4rg och en f\u00f6rk\u00e4rlek till akvarellens magi. Hon studerar till grundskoll\u00e4rare och brinner f\u00f6r samspelet mellan m\u00e4nniskor. Med sitt varma hj\u00e4rta skapar hon en inbjudande st\u00e4mning d\u00e4r kreativitet f\u00e5r blomstra och alla f\u00e5r vara sig sj\u00e4lva.<\/p>\n\n\n\n<p class=\"has-medium-font-size\" style=\"line-height:1.6\"><strong>Sarah<\/strong> \u00e4r v\u00e5r praktiska klippa \u2013 l\u00f6sningsorienterad, driven och full av skapargl\u00e4dje. Hon arbetar som kart- och m\u00e4tningsingenj\u00f6r och \u00e4lskar att f\u00e5 saker att fungera, oavsett om det g\u00e4ller att dreja en kopp, fixa teknik eller baka n\u00e5got gott. Med sitt \u00f6ppna s\u00e4tt bjuder hon g\u00e4rna in till gemenskap och kreativt utforskande.<\/p>\n\n\n\n<p class=\"is-style-text-subtitle has-medium-font-size is-style-text-subtitle--1\" style=\"line-height:1.6\"><strong>V\u00e4lkommen in i v\u00e5r v\u00e4rld av lera, f\u00e4rg, form \u2013 och framtidstro.<\/strong><\/p>\n<\/div>\n<\/div>\n<\/div>\n\n\n\n<div class=\"wp-block-column is-vertically-aligned-bottom is-layout-flow wp-block-column-is-layout-flow\" style=\"flex-basis:50%\">\n<div class=\"wp-block-cover is-light\" style=\"margin-top:0;margin-bottom:0\"><img loading=\"lazy\" decoding=\"async\" width=\"1024\" height=\"937\" class=\"wp-block-cover__image-background wp-image-255 size-large\" alt=\"\" src=\"https:\/\/jordtondesign.se\/wp-content\/uploads\/2025\/05\/DSC_3498-1024x937.jpg\" data-object-fit=\"cover\" srcset=\"https:\/\/jordtondesign.se\/wp-content\/uploads\/2025\/05\/DSC_3498-1024x937.jpg 1024w, https:\/\/jordtondesign.se\/wp-content\/uploads\/2025\/05\/DSC_3498-300x275.jpg 300w, https:\/\/jordtondesign.se\/wp-content\/uploads\/2025\/05\/DSC_3498-768x703.jpg 768w, https:\/\/jordtondesign.se\/wp-content\/uploads\/2025\/05\/DSC_3498-1536x1406.jpg 1536w, https:\/\/jordtondesign.se\/wp-content\/uploads\/2025\/05\/DSC_3498.jpg 1920w\" sizes=\"auto, (max-width: 1024px) 100vw, 1024px\" \/><span aria-hidden=\"true\" class=\"wp-block-cover__background has-accent-3-background-color has-background-dim-0 has-background-dim\"><\/span><div class=\"wp-block-cover__inner-container is-layout-flow wp-block-cover-is-layout-flow\">\n<p class=\"has-text-align-center has-large-font-size\"><\/p>\n<\/div><\/div>\n\n\n\n<p class=\"has-text-align-center\"><strong>Kontaktinformation: <\/strong><br><br>Bes\u00f6ksadress: <br>Fabriksgatan 2C<br>523 45 Ulricehamn<br><br>Faktureringsadress:<br>Strandgatan 42<br>523 31 Ulricehamn<\/p>\n\n\n\n<p class=\"has-text-align-center\">Organisationsnummer: 969802-4420<br>Vi innehar F-skatt.<br><br>Mailadress: hej@jordtondesign.se<br><br>F\u00f6r bokning, l\u00e4s mer om v\u00e5r information p\u00e5 sidan <a href=\"https:\/\/jordtondesign.se\/index.php\/159-2\/\" data-type=\"page\" data-id=\"159\"><strong>K\u00f6pvillkor<\/strong><\/a>.<br>L\u00e4s mer om hur vi hanterar <a href=\"https:\/\/jordtondesign.se\/index.php\/dataskydd-och-integritet\/\" data-type=\"page\" data-id=\"129\"><strong>Integritetspolicy<\/strong><\/a>.<\/p>\n<\/div>\n<\/div>\n\n\n\n<div class=\"wp-block-group is-light is-style-default is-vertical is-layout-flex wp-container-core-group-is-layout-1962b265 wp-block-group-is-layout-flex\" style=\"padding-right:var(--wp--preset--spacing--40);padding-left:var(--wp--preset--spacing--40)\"><\/div>\n","protected":false},"excerpt":{"rendered":"<p>Vilka \u00e4r vi? Vi som st\u00e5r bakom verkstaden heter Sarah Kronlund och Clara Stendahl \u2013 tv\u00e5 kreativa sj\u00e4lar med stor k\u00e4rlek till det personliga, det handgjorda och det m\u00e4nskliga. Vi b\u00e5da bor i Ulricehamn och har n\u00e4ra till v\u00e5r keramikverkstad. V\u00e5r resa b\u00f6rjade med en kv\u00e4llskurs i keramik h\u00f6sten 2024, d\u00e4r vi f\u00f6ll pladask f\u00f6r [&hellip;]<\/p>\n","protected":false},"author":2,"featured_media":0,"parent":0,"menu_order":0,"comment_status":"closed","ping_status":"closed","template":"","meta":{"footnotes":""},"class_list":["post-62","page","type-page","status-publish","hentry"],"_links":{"self":[{"href":"https:\/\/jordtondesign.se\/index.php\/wp-json\/wp\/v2\/pages\/62","targetHints":{"allow":["GET"]}}],"collection":[{"href":"https:\/\/jordtondesign.se\/index.php\/wp-json\/wp\/v2\/pages"}],"about":[{"href":"https:\/\/jordtondesign.se\/index.php\/wp-json\/wp\/v2\/types\/page"}],"author":[{"embeddable":true,"href":"https:\/\/jordtondesign.se\/index.php\/wp-json\/wp\/v2\/users\/2"}],"replies":[{"embeddable":true,"href":"https:\/\/jordtondesign.se\/index.php\/wp-json\/wp\/v2\/comments?post=62"}],"version-history":[{"count":32,"href":"https:\/\/jordtondesign.se\/index.php\/wp-json\/wp\/v2\/pages\/62\/revisions"}],"predecessor-version":[{"id":333,"href":"https:\/\/jordtondesign.se\/index.php\/wp-json\/wp\/v2\/pages\/62\/revisions\/333"}],"wp:attachment":[{"href":"https:\/\/jordtondesign.se\/index.php\/wp-json\/wp\/v2\/media?parent=62"}],"curies":[{"name":"wp","href":"https:\/\/api.w.org\/{rel}","templated":true}]}}