{"id":67,"date":"2025-04-14T20:41:23","date_gmt":"2025-04-14T20:41:23","guid":{"rendered":"https:\/\/jordtondesign.se\/?page_id=67"},"modified":"2026-02-02T07:37:04","modified_gmt":"2026-02-02T07:37:04","slug":"workshops","status":"publish","type":"page","link":"https:\/\/jordtondesign.se\/index.php\/workshops\/","title":{"rendered":"V\u00e5ra tj\u00e4nster"},"content":{"rendered":"\n<div class=\"wp-block-group alignfull has-global-padding is-layout-constrained wp-container-core-group-is-layout-65a835f4 wp-block-group-is-layout-constrained\" style=\"margin-top:0;margin-bottom:0;padding-top:0;padding-bottom:0\">\n<h2 class=\"wp-block-heading alignwide\">V\u00e5ra tj\u00e4nster<\/h2>\n\n\n\n<p style=\"padding-top:0;padding-right:0;padding-bottom:0;padding-left:0\">Vid v\u00e4veriet i Ulricehamn erbjuder vi flera tj\u00e4nster. N\u00e4r vi best\u00e4mt datum f\u00f6r kurser kommer dessa att l\u00e4ggas upp h\u00e4r s\u00e5 du kan h\u00f6ra av dig om att boka en plats. <\/p>\n\n\n\n<div class=\"wp-block-columns alignwide is-layout-flex wp-container-core-columns-is-layout-28f84493 wp-block-columns-is-layout-flex\">\n<div class=\"wp-block-column is-layout-flow wp-block-column-is-layout-flow\">\n<figure class=\"wp-block-image size-full\" style=\"margin-bottom:24px\"><img loading=\"lazy\" decoding=\"async\" width=\"1441\" height=\"1920\" src=\"https:\/\/jordtondesign.se\/wp-content\/uploads\/2025\/05\/DSC_3437.jpg\" alt=\"\" class=\"wp-image-248\" style=\"aspect-ratio:4\/3;object-fit:cover\" srcset=\"https:\/\/jordtondesign.se\/wp-content\/uploads\/2025\/05\/DSC_3437.jpg 1441w, https:\/\/jordtondesign.se\/wp-content\/uploads\/2025\/05\/DSC_3437-225x300.jpg 225w, https:\/\/jordtondesign.se\/wp-content\/uploads\/2025\/05\/DSC_3437-769x1024.jpg 769w, https:\/\/jordtondesign.se\/wp-content\/uploads\/2025\/05\/DSC_3437-768x1023.jpg 768w, https:\/\/jordtondesign.se\/wp-content\/uploads\/2025\/05\/DSC_3437-1153x1536.jpg 1153w\" sizes=\"auto, (max-width: 1441px) 100vw, 1441px\" \/><\/figure>\n\n\n\n<h3 class=\"wp-block-heading\">Keramikkurs<\/h3>\n\n\n\n<p class=\"has-medium-font-size\">S\u00e4tt h\u00e4nderna i leran och f\u00f6lj lerans process. Fr\u00e5n lerklump till f\u00e4rdigt alster under 4 kv\u00e4llar \u00e1 3 timmar. Du f\u00e5r l\u00e4ra dig grunderna i drejning, men \u00e4ven skapa alster vid kavelbordet.<\/p>\n<\/div>\n\n\n\n<div class=\"wp-block-column is-layout-flow wp-block-column-is-layout-flow\">\n<figure class=\"wp-block-image size-full\" style=\"margin-bottom:24px\"><img loading=\"lazy\" decoding=\"async\" width=\"1920\" height=\"1282\" src=\"https:\/\/jordtondesign.se\/wp-content\/uploads\/2025\/05\/DSC_3486.jpg\" alt=\"\" class=\"wp-image-257\" style=\"aspect-ratio:4\/3;object-fit:cover\" srcset=\"https:\/\/jordtondesign.se\/wp-content\/uploads\/2025\/05\/DSC_3486.jpg 1920w, https:\/\/jordtondesign.se\/wp-content\/uploads\/2025\/05\/DSC_3486-300x200.jpg 300w, https:\/\/jordtondesign.se\/wp-content\/uploads\/2025\/05\/DSC_3486-1024x684.jpg 1024w, https:\/\/jordtondesign.se\/wp-content\/uploads\/2025\/05\/DSC_3486-768x513.jpg 768w, https:\/\/jordtondesign.se\/wp-content\/uploads\/2025\/05\/DSC_3486-1536x1026.jpg 1536w\" sizes=\"auto, (max-width: 1920px) 100vw, 1920px\" \/><\/figure>\n\n\n\n<h3 class=\"wp-block-heading\">Workshop &#8211; Keramikm\u00e5lning<\/h3>\n\n\n\n<p class=\"has-medium-font-size\">Keramikm\u00e5lning L\u00e5t kreativiteten fl\u00f6da! V\u00e4lj en f\u00e4rdig form \u2013 kanske en mugg, sk\u00e5l eller tallrik \u2013 och m\u00e5la den med v\u00e5ra f\u00e4rger och glasyrer. En lugn och lekfull stund d\u00e4r alla kan vara med, oavsett \u00e5lder eller tidigare erfarenhet.<\/p>\n<\/div>\n\n\n\n<div class=\"wp-block-column is-layout-flow wp-block-column-is-layout-flow\">\n<figure class=\"wp-block-image size-full\" style=\"margin-bottom:24px\"><img loading=\"lazy\" decoding=\"async\" width=\"1282\" height=\"1920\" src=\"https:\/\/jordtondesign.se\/wp-content\/uploads\/2025\/05\/DSC_3432-1.jpg\" alt=\"\" class=\"wp-image-260\" style=\"aspect-ratio:4\/3;object-fit:cover\" srcset=\"https:\/\/jordtondesign.se\/wp-content\/uploads\/2025\/05\/DSC_3432-1.jpg 1282w, https:\/\/jordtondesign.se\/wp-content\/uploads\/2025\/05\/DSC_3432-1-200x300.jpg 200w, https:\/\/jordtondesign.se\/wp-content\/uploads\/2025\/05\/DSC_3432-1-684x1024.jpg 684w, https:\/\/jordtondesign.se\/wp-content\/uploads\/2025\/05\/DSC_3432-1-768x1150.jpg 768w, https:\/\/jordtondesign.se\/wp-content\/uploads\/2025\/05\/DSC_3432-1-1026x1536.jpg 1026w\" sizes=\"auto, (max-width: 1282px) 100vw, 1282px\" \/><\/figure>\n\n\n\n<h3 class=\"wp-block-heading\">Gruppevent<\/h3>\n\n\n\n<p class=\"has-medium-font-size\">Planerar du AW, m\u00f6hippa, f\u00f6delsedagskalas eller kanske en kreativ dejt? Vi skr\u00e4ddarsyr ert event med keramik i fokus \u2013 oavsett om ni vill m\u00e5la, dreja eller bara umg\u00e5s i en inspirerande milj\u00f6. Skapargl\u00e4dje, skratt och minnen ing\u00e5r!<\/p>\n<\/div>\n<\/div>\n<\/div>\n\n\n\n<p class=\"has-text-align-center has-large-font-size\"><strong>F\u00f6r att se v\u00e5ra aktuella evenemang och workshops se h\u00e4r &#8212;&gt; <a href=\"https:\/\/jordtondesign.se\/index.php\/boka-workshop\/\" data-type=\"page\" data-id=\"348\">Boka workshop<\/a><\/strong><\/p>\n\n\n\n<div class=\"wp-block-group alignfull is-layout-flow wp-block-group-is-layout-flow\" style=\"min-height:0vh;margin-top:var(--wp--preset--spacing--40);margin-bottom:var(--wp--preset--spacing--40);padding-top:var(--wp--preset--spacing--30);padding-right:var(--wp--preset--spacing--40);padding-bottom:var(--wp--preset--spacing--30);padding-left:var(--wp--preset--spacing--40)\">\n<p class=\"has-text-align-center has-medium-font-size\"><strong><a href=\"https:\/\/jordtondesign.se\/index.php\/226-2\/\" data-type=\"page\" data-id=\"226\">L\u00e4s mer om priser och uppl\u00e4gg h\u00e4r<\/a><\/strong><\/p>\n\n\n\n<div class=\"wp-block-group has-base-background-color has-background has-global-padding is-layout-constrained wp-container-core-group-is-layout-85f0a7b7 wp-block-group-is-layout-constrained\" style=\"margin-top:var(--wp--preset--spacing--30);margin-bottom:var(--wp--preset--spacing--30);padding-top:var(--wp--preset--spacing--30);padding-right:0;padding-bottom:var(--wp--preset--spacing--30);padding-left:0\">\n<h2 class=\"wp-block-heading has-text-align-center has-large-font-size\" style=\"margin-right:0;margin-left:0;padding-right:0;padding-left:0\">Vill du komma i kontakt med oss fyll i dina uppgifter nedan<\/h2>\n\n\n\n<p class=\"has-text-align-center\">Bokning sker f\u00f6r <strong>minst 4 personer<\/strong>.<br>Vill ni boka f\u00f6r <strong>2\u20133 personer<\/strong> \u00e4r ni varmt v\u00e4lkomna, d\u00e5 g\u00e4ller ett <strong>fast pris p\u00e5 2 400 kr f\u00f6r 2,5 timmar<\/strong>.<\/p>\n\n\n\n<p class=\"has-text-align-center\"> Vi ser fram emot att tr\u00e4ffa dig och er!<\/p>\n\n\n<div class=\"forminator-ui forminator-custom-form forminator-custom-form-52 forminator-design--material  forminator_ajax\" data-forminator-render=\"0\" data-form=\"forminator-module-52\" data-uid=\"6a04254c17c1e\"><br\/><\/div><form\n\t\t\t\tid=\"forminator-module-52\"\n\t\t\t\tclass=\"forminator-ui forminator-custom-form forminator-custom-form-52 forminator-design--material  forminator_ajax\"\n\t\t\t\tmethod=\"post\"\n\t\t\t\tdata-forminator-render=\"0\"\n\t\t\t\tdata-form-id=\"52\"\n\t\t\t\t data-color-option=\"theme\" data-design=\"material\" data-grid=\"open\" style=\"display: none;\"\n\t\t\t\tdata-uid=\"6a04254c17c1e\"\n\t\t\t><div role=\"alert\" aria-live=\"polite\" class=\"forminator-response-message forminator-error\" aria-hidden=\"true\"><\/div><div class=\"forminator-row\"><div id=\"name-1\" class=\"forminator-field-name forminator-col forminator-col-12 \"><div class=\"forminator-field\"><label for=\"forminator-field-name-1_6a04254c17c1e\" id=\"forminator-field-name-1_6a04254c17c1e-label\" class=\"forminator-label\">F\u00f6r- och efternamn <span class=\"forminator-required\">*<\/span><\/label><input type=\"text\" name=\"name-1\" value=\"\" placeholder=\"\" id=\"forminator-field-name-1_6a04254c17c1e\" class=\"forminator-input forminator-name--field\" aria-required=\"true\" autocomplete=\"name\" \/><\/div><\/div><\/div><div class=\"forminator-row\"><div id=\"email-1\" class=\"forminator-field-email forminator-col forminator-col-12 \"><div class=\"forminator-field\"><label for=\"forminator-field-email-1_6a04254c17c1e\" id=\"forminator-field-email-1_6a04254c17c1e-label\" class=\"forminator-label\">E-mail <span class=\"forminator-required\">*<\/span><\/label><input type=\"email\" name=\"email-1\" value=\"\" placeholder=\"\" id=\"forminator-field-email-1_6a04254c17c1e\" class=\"forminator-input forminator-email--field\" data-required=\"1\" aria-required=\"true\" autocomplete=\"email\" \/><\/div><\/div><\/div><div class=\"forminator-row\"><div id=\"textarea-1\" class=\"forminator-field-textarea forminator-col forminator-col-12 \"><div class=\"forminator-field\"><label for=\"forminator-field-textarea-1_6a04254c17c1e\" id=\"forminator-field-textarea-1_6a04254c17c1e-label\" class=\"forminator-label\">Meddelande <span class=\"forminator-required\">*<\/span><\/label><textarea name=\"textarea-1\" placeholder=\"\" id=\"forminator-field-textarea-1_6a04254c17c1e\" class=\"forminator-textarea\" rows=\"6\" style=\"min-height:140px;\" ><\/textarea><\/div><\/div><\/div><div class=\"forminator-row\"><div id=\"date-1\" class=\"forminator-field-date forminator-col forminator-col-12 \"><div class=\"forminator-field\"><label for=\"forminator-field-date-1-picker_6a04254c17c1e\" id=\"forminator-field-date-1-picker_6a04254c17c1e-label\" class=\"forminator-label\">\u00d6nskat datum<\/label><div class=\"forminator-input-with-icon\"><span class=\"forminator-icon-calendar\" aria-hidden=\"true\"><\/span><input autocomplete=\"off\" type=\"text\" size=\"1\" name=\"date-1\" value=\"\" placeholder=\"\" id=\"forminator-field-date-1-picker_6a04254c17c1e\" class=\"forminator-input forminator-datepicker\" data-required=\"\" data-format=\"mm\/dd\/yy\" data-restrict-type=\"\" data-restrict=\"\" data-start-year=\"1926\" data-end-year=\"2126\" data-past-dates=\"enable\" data-start-of-week=\"1\" data-start-date=\"\" data-end-date=\"\" data-start-field=\"\" data-end-field=\"\" data-start-offset=\"\" data-end-offset=\"\" data-disable-date=\"\" data-disable-range=\"\" \/><\/div><\/div><\/div><\/div><div class=\"forminator-row\"><\/div><div class=\"forminator-row\"><div id=\"html-1\" class=\"forminator-field-html forminator-col forminator-col-12 \"><div class=\"forminator-field forminator-merge-tags\" data-field=\"html-1\"><p>Genom att skicka detta formul\u00e4r godk\u00e4nner du att vi behandlar dina personuppgifter enligt <strong><a href=\"https:\/\/jordtondesign.se\/index.php\/dataskydd-och-integritet\/\">integritetspolicyn<\/a><\/strong>.<\/p><\/div><\/div><\/div><div class=\"forminator-row\"><div id=\"html-2\" class=\"forminator-field-html forminator-col forminator-col-12 \"><div class=\"forminator-field forminator-merge-tags\" data-field=\"html-2\"><label class=\"forminator-label\">K\u00f6pvillkor<\/label><p>Se v\u00e5r sida <strong><a href=\"https:\/\/jordtondesign.se\/index.php\/159-2\/\">k\u00f6pvillkor<\/a> <\/strong>f\u00f6r mer information.<\/p><\/div><\/div><\/div><input type=\"hidden\" name=\"referer_url\" value=\"\" \/><div class=\"forminator-row forminator-row-last\"><div class=\"forminator-col\"><div class=\"forminator-field\"><button class=\"forminator-button forminator-button-submit\"><span>Skicka f&ouml;rfr&aring;gan<\/span><span aria-hidden=\"true\"><\/span><\/button><\/div><\/div><\/div><input type=\"hidden\" id=\"forminator_nonce\" name=\"forminator_nonce\" value=\"dcbbe068f4\" \/><input type=\"hidden\" name=\"_wp_http_referer\" value=\"\/index.php\/wp-json\/wp\/v2\/pages\/67\" \/><input type=\"hidden\" name=\"form_id\" value=\"52\"><input type=\"hidden\" name=\"page_id\" value=\"67\"><input type=\"hidden\" name=\"form_type\" value=\"default\"><input type=\"hidden\" name=\"current_url\" value=\"https:\/\/jordtondesign.se\/index.php\/workshops\/\"><input type=\"hidden\" name=\"render_id\" value=\"0\"><input type=\"hidden\" name=\"action\" value=\"forminator_submit_form_custom-forms\"><label for=\"input_5\" class=\"forminator-hidden\" aria-hidden=\"true\">Please do not fill in this field. <input id=\"input_5\" type=\"text\" name=\"input_5\" value=\"\" autocomplete=\"off\"><\/label><\/form>\n<\/div>\n<\/div>\n","protected":false},"excerpt":{"rendered":"<p>V\u00e5ra tj\u00e4nster Vid v\u00e4veriet i Ulricehamn erbjuder vi flera tj\u00e4nster. N\u00e4r vi best\u00e4mt datum f\u00f6r kurser kommer dessa att l\u00e4ggas upp h\u00e4r s\u00e5 du kan h\u00f6ra av dig om att boka en plats. Keramikkurs S\u00e4tt h\u00e4nderna i leran och f\u00f6lj lerans process. Fr\u00e5n lerklump till f\u00e4rdigt alster under 4 kv\u00e4llar \u00e1 3 timmar. Du f\u00e5r [&hellip;]<\/p>\n","protected":false},"author":2,"featured_media":0,"parent":0,"menu_order":0,"comment_status":"closed","ping_status":"closed","template":"","meta":{"footnotes":""},"class_list":["post-67","page","type-page","status-publish","hentry"],"_links":{"self":[{"href":"https:\/\/jordtondesign.se\/index.php\/wp-json\/wp\/v2\/pages\/67","targetHints":{"allow":["GET"]}}],"collection":[{"href":"https:\/\/jordtondesign.se\/index.php\/wp-json\/wp\/v2\/pages"}],"about":[{"href":"https:\/\/jordtondesign.se\/index.php\/wp-json\/wp\/v2\/types\/page"}],"author":[{"embeddable":true,"href":"https:\/\/jordtondesign.se\/index.php\/wp-json\/wp\/v2\/users\/2"}],"replies":[{"embeddable":true,"href":"https:\/\/jordtondesign.se\/index.php\/wp-json\/wp\/v2\/comments?post=67"}],"version-history":[{"count":36,"href":"https:\/\/jordtondesign.se\/index.php\/wp-json\/wp\/v2\/pages\/67\/revisions"}],"predecessor-version":[{"id":427,"href":"https:\/\/jordtondesign.se\/index.php\/wp-json\/wp\/v2\/pages\/67\/revisions\/427"}],"wp:attachment":[{"href":"https:\/\/jordtondesign.se\/index.php\/wp-json\/wp\/v2\/media?parent=67"}],"curies":[{"name":"wp","href":"https:\/\/api.w.org\/{rel}","templated":true}]}}